{"id":15,"date":"2019-04-23T08:00:30","date_gmt":"2019-04-23T08:00:30","guid":{"rendered":"http:\/\/sarahamdrup.dk\/?page_id=15"},"modified":"2019-12-20T10:06:33","modified_gmt":"2019-12-20T10:06:33","slug":"speak-lydboeger","status":"publish","type":"page","link":"https:\/\/sincere-onyx-jaguar.142-132-203-237.cpanel.site\/staging\/speak-lydboeger\/","title":{"rendered":"SPEAK &#038; LYDB\u00d8GER"},"content":{"rendered":"<p>[vc_row row_type=&#8221;row&#8221; use_row_as_full_screen_section=&#8221;no&#8221; type=&#8221;full_width&#8221; text_align=&#8221;left&#8221; background_animation=&#8221;none&#8221; css_animation=&#8221;&#8221; css=&#8221;.vc_custom_1558182149715{border-bottom-width: 5px !important;border-bottom-color: #e8582f !important;border-bottom-style: solid !important;border-radius: 5px !important;}&#8221;][vc_column width=&#8221;1\/2&#8243; css=&#8221;.vc_custom_1558986460759{padding-left: 200px !important;background-color: #e8582f !important;}&#8221;][vc_empty_space height=&#8221;200&#8243;][vc_column_text]<\/p>\n<h1 class=\"p1\"><span style=\"color: #ffffff;\">SPEAK<\/span>\u00a0<img loading=\"lazy\" decoding=\"async\" class=\"alignnone wp-image-85\" src=\"https:\/\/sincere-onyx-jaguar.142-132-203-237.cpanel.site\/staging\/wp-content\/uploads\/2019\/04\/sara_hamdrup_speak_hvid_ikon.png\" alt=\"\" width=\"50\" height=\"50\" \/><\/h1>\n<p>[\/vc_column_text][vc_column_text css=&#8221;.vc_custom_1558358745739{border-top-width: 5px !important;border-bottom-width: 5px !important;padding-top: 20px !important;padding-bottom: 20px !important;border-top-color: #ffffff !important;border-top-style: solid !important;border-bottom-color: #ffffff !important;border-bottom-style: solid !important;border-radius: 5px !important;}&#8221;]<\/p>\n<p class=\"p1\"><span style=\"color: #ffffff;\">Jeg laver reklamespeak og infospeak i forskellige genrer. Jeg kan lave den glade, entusiastiske kvinde. Den moderlige, omsorgsfulde stemme. Den alvorlige, monotone beretter. Og den behagelige, tillidsfulde fort\u00e6ller. Jeg laver ogs\u00e5 voiceover til film og tv.<\/span><\/p>\n<p>&nbsp;<\/p>\n<p class=\"p1\"><span style=\"color: #ffffff;\">Kontakt mig endelig, hvis du t\u00e6nker, I lige mangler mig. <\/span><\/p>\n<p>[\/vc_column_text][vc_empty_space height=&#8221;40&#8243;][vc_single_image image=&#8221;327&#8243; img_size=&#8221;full&#8221; onclick=&#8221;custom_link&#8221; qode_css_animation=&#8221;&#8221; link=&#8221;https:\/\/sincere-onyx-jaguar.142-132-203-237.cpanel.site\/staging\/speak-lydboeger\/#speak&#8221;][vc_empty_space height=&#8221;200&#8243;][\/vc_column][vc_column width=&#8221;1\/2&#8243; el_id=&#8221;toptekst&#8221; el_class=&#8221;toptekst&#8221;][vc_empty_space height=&#8221;240&#8243;][vc_column_text]<\/p>\n<h1 class=\"p1\"><span style=\"color: #e8582f;\">LYDB\u00d8GER\u00a0<img loading=\"lazy\" decoding=\"async\" class=\"alignnone wp-image-41\" src=\"https:\/\/sincere-onyx-jaguar.142-132-203-237.cpanel.site\/staging\/wp-content\/uploads\/2019\/04\/sara_hamdrup_speak_ikon.png\" alt=\"speak ikon\" width=\"50\" height=\"50\" \/><\/span><\/h1>\n<p>[\/vc_column_text][vc_column_text css=&#8221;.vc_custom_1558098266922{border-top-width: 5px !important;border-bottom-width: 5px !important;padding-top: 20px !important;padding-bottom: 20px !important;border-top-color: #e8582f !important;border-top-style: solid !important;border-bottom-color: #e8582f !important;border-bottom-style: solid !important;border-radius: 5px !important;}&#8221;]<span style=\"color: #e8582f;\">Det er et sk\u00e6gt job, hvor jeg kommer vidt omkring i genrerne. Jeg har indl\u00e6st b\u00f8rneb\u00f8ger, ungdomsb\u00f8ger, k\u00e6rlighedsb\u00f8ger, fantasy og erotik. Jeg lever mig altid ind i fort\u00e6llingerne. N\u00e5r jeg st\u00e5r i studiet, forestiller jeg mig gerne, at jeg fort\u00e6ller direkte til en lytter, der sidder i sin bil p\u00e5 vej hjem fra arbejde \u2013 eller en lytter, som er i gang med opvasken, mens b\u00f8rnene sidder i stuen og ser tv.<\/span><\/p>\n<p><span style=\"color: #e8582f;\">I 2014 aflagde jeg stemmepr\u00f8ve til Egmont. Egmont godkendte, og jeg kunne derfor begynde at arbejde som professionel lydbogsindl\u00e6ser.<\/span>[\/vc_column_text][vc_empty_space height=&#8221;40&#8243;][vc_single_image image=&#8221;330&#8243; img_size=&#8221;full&#8221; onclick=&#8221;custom_link&#8221; qode_css_animation=&#8221;&#8221; link=&#8221;https:\/\/sincere-onyx-jaguar.142-132-203-237.cpanel.site\/staging\/speak-lydboeger\/#lydboeger&#8221;][vc_empty_space height=&#8221;200&#8243;][\/vc_column][\/vc_row][vc_row row_type=&#8221;row&#8221; use_row_as_full_screen_section=&#8221;no&#8221; type=&#8221;full_width&#8221; text_align=&#8221;left&#8221; background_animation=&#8221;none&#8221; padding_top=&#8221;100&#8243; padding_bottom=&#8221;100&#8243; css_animation=&#8221;&#8221; el_id=&#8221;lydboeger&#8221;][vc_column width=&#8221;1\/2&#8243;][vc_row_inner row_type=&#8221;row&#8221; type=&#8221;full_width&#8221; use_row_as_full_screen_section_slide=&#8221;no&#8221; text_align=&#8221;left&#8221; css_animation=&#8221;&#8221;][vc_column_inner][vc_empty_space height=&#8221;100&#8243;][vc_single_image image=&#8221;502&#8243; img_size=&#8221;full&#8221; style=&#8221;vc_box_rounded&#8221; qode_css_animation=&#8221;&#8221; el_class=&#8221;billedfloatleft&#8221;][vc_column_text el_class=&#8221;tekstboksleft&#8221; css=&#8221;.vc_custom_1565863007001{background-color: #e8582f !important;}&#8221;]<\/p>\n<p style=\"text-align: left;\"><span style=\"color: #ffffff;\">Her kan du h\u00f8re uddrag<br \/>\nfra alle mine lydb\u00f8ger<\/span><\/p>\n<p style=\"text-align: left;\"><a href=\"https:\/\/mofibo.com\/dk\/da\/soeg-sara+hamdrup\" target=\"_blank\" rel=\"noopener noreferrer\"><img loading=\"lazy\" decoding=\"async\" class=\"alignright wp-image-373 size-full\" src=\"https:\/\/sincere-onyx-jaguar.142-132-203-237.cpanel.site\/staging\/wp-content\/uploads\/2019\/05\/sara_hamdrup_arrowleft.png\" alt=\"\" width=\"86\" height=\"86\" \/><\/a><\/p>\n<p>[\/vc_column_text][\/vc_column_inner][\/vc_row_inner][\/vc_column][vc_column width=&#8221;1\/2&#8243; el_class=&#8221;toptekst&#8221;][vc_column_text]<\/p>\n<h1>LYDB\u00d8GER<\/h1>\n<p>[\/vc_column_text][vc_column_text css=&#8221;.vc_custom_1574254818667{border-top-width: 0px !important;border-bottom-width: 0px !important;padding-top: 20px !important;padding-bottom: 20px !important;}&#8221;]Herunder ser du en liste med alle de b\u00f8ger, jeg har indl\u00e6st. Det kan klikke p\u00e5 hver titel og h\u00f8re et gratis uddrag. Og husk, at du kan l\u00e5ne lydb\u00f8ger <a href=\"https:\/\/bibliotek.dk\/da\/search\/work?search_block_form=Sara%20Hamdrup&amp;select_material_type=bibdk_frontpage&amp;op=S\u00f8g&amp;year_op=%2522year_eq%2522&amp;year_value=&amp;form_build_id=form-yIbScsiWbhaEaMZNKf9_99XGm925dcKYmY_hoqBrQWU&amp;form_id=search_block_form&amp;sort=rank_frequency&amp;page_id=bibdk_frontpage\" target=\"_blank\" rel=\"noopener noreferrer\"><strong>gratis via biblioteket<\/strong>.<\/a><\/p>\n<p>Liste over indl\u00e6ste lydb\u00f8ger:<\/p>\n<p>&nbsp;<\/p>\n<p><strong>2019:<\/strong><\/p>\n<p><strong>Norah<\/strong>: Debbie Macomber (p\u00e5 vej)<\/p>\n<p><a href=\"https:\/\/mofibo.com\/dk\/da\/books\/1005448-Stephanie\" target=\"_blank\" rel=\"noopener noreferrer\"><strong>Stephanie<\/strong><\/a>: Debbie Macomber<\/p>\n<p><a href=\"https:\/\/mofibo.com\/dk\/da\/books\/964754-Valerie\" target=\"_blank\" rel=\"noopener noreferrer\"><strong>Valerie<\/strong><\/a>: Debbie Macomber<\/p>\n<p><a href=\"https:\/\/mofibo.com\/dk\/da\/books\/924016-Uden-kontrol\" target=\"_blank\" rel=\"noopener noreferrer\"><strong>Uden kontrol<\/strong><\/a>: Melanie Milburne<\/p>\n<p><a href=\"https:\/\/mofibo.com\/dk\/da\/books\/959247-Franske-kys\" target=\"_blank\" rel=\"noopener noreferrer\"><strong>Franske kys<\/strong><\/a>: Melanie Milburne<\/p>\n<p><a href=\"https:\/\/mofibo.com\/dk\/da\/books\/939791-Fjerde-gang-er-lykkens-gang-\" target=\"_blank\" rel=\"noopener noreferrer\"><strong>Fjerde gang er lykkens gang<\/strong><\/a>: Melanie Milburne<\/p>\n<p><a href=\"https:\/\/mofibo.com\/dk\/da\/books\/929753-Alle-kneb-g\u00e6lder\" target=\"_blank\" rel=\"noopener noreferrer\"><strong>Alle kneb g\u00e6lder<\/strong><\/a>: Melanie Milburne<\/p>\n<p><a href=\"https:\/\/mofibo.com\/dk\/da\/books\/895299-En-uventet-rival\" target=\"_blank\" rel=\"noopener noreferrer\"><strong>En uventet rival<\/strong><\/a>: Carol Marinelli<\/p>\n<p><span style=\"color: #000000;\"><a href=\"https:\/\/mofibo.com\/dk\/da\/books\/895280-K\u00e6rlighed-i-Texas\" target=\"_blank\" rel=\"noopener noreferrer\"><strong>K\u00e6rlighed i Texas<\/strong><\/a>: <span style=\"color: #808080;\">Sarah M. Anderson<\/span><\/span><\/p>\n<p><a href=\"https:\/\/mofibo.com\/dk\/da\/books\/876040-Barnepigens-frieri\" target=\"_blank\" rel=\"noopener noreferrer\"><strong>Barnepigens frieri<\/strong><\/a>: Joss Wood<\/p>\n<p><a href=\"https:\/\/mofibo.com\/dk\/da\/books\/852504-Fra-playboy-til-prins\" target=\"_blank\" rel=\"noopener noreferrer\"><strong>Fra playboy til prins<\/strong><\/a>: Chantelle Shaw<\/p>\n<p><a href=\"https:\/\/mofibo.com\/dk\/da\/books\/851178-Lady-Cecily-og-mr--Grey\" target=\"_blank\" rel=\"noopener noreferrer\"><strong>Lady Cecily og mr. Gray<\/strong><\/a>: Janice Preston<\/p>\n<p><a href=\"https:\/\/mofibo.com\/dk\/da\/books\/801691-Miss-Markhams-skandal\u00f8se-eventyr\" target=\"_blank\" rel=\"noopener noreferrer\"><strong>Miss Markhams skandal\u00f8se eventyr<\/strong><\/a>: Janice Preston<\/p>\n<p><a href=\"https:\/\/mofibo.com\/dk\/da\/books\/785677-En-perfekt-engelsk-fr\u00f8ken\" target=\"_blank\" rel=\"noopener noreferrer\"><strong>En perfekt engelsk fr\u00f8ken<\/strong><\/a>: Bronwyn Scott<\/p>\n<p><a href=\"https:\/\/mofibo.com\/dk\/da\/books\/782764-Syerskens-redning\" target=\"_blank\" rel=\"noopener noreferrer\"><strong>Syerskens redning<\/strong><\/a>: Helen Dickson<\/p>\n<p><a href=\"https:\/\/mofibo.com\/dk\/da\/books\/743481-Farligt-valg\" target=\"_blank\" rel=\"noopener noreferrer\"><strong>Farligt valg<\/strong><\/a>: Sophia James<\/p>\n<p><strong>Nadia Nadim \u2013 Min historie<\/strong>: Miriam Zesler<\/p>\n<p>&nbsp;<\/p>\n<p>&nbsp;<\/p>\n<p><strong>2018:<\/strong><\/p>\n<p><a href=\"https:\/\/mofibo.com\/dk\/da\/books\/721588-En-bid-af-himlen\" target=\"_blank\" rel=\"noopener noreferrer\"><strong>En bid af himlen<\/strong><\/a>: Clare Connelly<\/p>\n<p><a href=\"https:\/\/mofibo.com\/dk\/da\/books\/697710-Julen\u00e6tter\" target=\"_blank\" rel=\"noopener noreferrer\"><strong>Julen\u00e6tter<\/strong>:<\/a> Michelle Smart<\/p>\n<p><a href=\"https:\/\/mofibo.com\/dk\/da\/books\/651765-Gemmestedet\" target=\"_blank\" rel=\"noopener noreferrer\"><strong>Gemmestedet<\/strong><\/a>: Annie O\u2019Neil<\/p>\n<p><a href=\"https:\/\/mofibo.com\/dk\/da\/books\/674989-Armstrong-og-de-forsvundne-havenisser\" target=\"_blank\" rel=\"noopener noreferrer\"><strong>Armstrong og de forsvundne havenisser<\/strong>:<\/a> Lillian Hartvigsen<\/p>\n<p><a href=\"https:\/\/mofibo.com\/dk\/da\/books\/675138-Malik-og-julemysteriet\" target=\"_blank\" rel=\"noopener noreferrer\"><strong>Malik og julemysteriet<\/strong><\/a>: Mette Kiefer[\/vc_column_text][\/vc_column][\/vc_row][vc_row row_type=&#8221;row&#8221; use_row_as_full_screen_section=&#8221;no&#8221; type=&#8221;full_width&#8221; text_align=&#8221;left&#8221; background_animation=&#8221;none&#8221; padding_top=&#8221;100&#8243; padding_bottom=&#8221;100&#8243; css_animation=&#8221;&#8221;][vc_column width=&#8221;1\/2&#8243; el_class=&#8221;toptekst&#8221;][vc_column_text css=&#8221;.vc_custom_1574253540221{border-top-width: 0px !important;border-bottom-width: 0px !important;padding-top: 20px !important;padding-bottom: 20px !important;}&#8221;]<strong>2017:<\/strong><\/p>\n<p><a href=\"https:\/\/mofibo.com\/dk\/da\/books\/135545-Et-ocean-af-k\u00e6rlighed\" target=\"_blank\" rel=\"noopener noreferrer\"><strong>Et ocean af k\u00e6rlighed<\/strong><\/a>: Marion Lennox<\/p>\n<p><a href=\"https:\/\/mofibo.com\/dk\/da\/books\/70410-Dragernes-konge--1--Heksej\u00e6gerens-bytte\" target=\"_blank\" rel=\"noopener noreferrer\"><strong>Heksej\u00e6gerens bytte 1 \u2013 Dragernes konge<\/strong><\/a>: Pernille Eybye<\/p>\n<p><strong><a href=\"https:\/\/mofibo.com\/dk\/da\/books\/95178-Singler\" target=\"_blank\" rel=\"noopener noreferrer\">Singler<\/a><\/strong>: Jon Hanson<\/p>\n<p><a href=\"https:\/\/mofibo.com\/dk\/da\/books\/88876-Linedanser\" target=\"_blank\" rel=\"noopener noreferrer\"><strong>Linedanser<\/strong><\/a>: Adda Lykkebo<\/p>\n<p>&nbsp;<\/p>\n<p><strong>2016:<\/strong><\/p>\n<p><a href=\"https:\/\/mofibo.com\/dk\/da\/books\/76059-Lysets-rige-5---Johannesnatten\" target=\"_blank\" rel=\"noopener noreferrer\"><strong>Lysets rige 5 \u2013 Johannesnatten<\/strong><\/a>: Margit Sandemo<\/p>\n<p><a href=\"https:\/\/mofibo.com\/dk\/da\/books\/62097-Lysets-rige-4---Manden-fra-T\u00e5gedalen\" target=\"_blank\" rel=\"noopener noreferrer\"><strong>Lysets rige 4 \u2013 Manden fra T\u00e5gedalen<\/strong>:<\/a> Margit Sandemo<\/p>\n<p><a href=\"https:\/\/mofibo.com\/dk\/da\/books\/76353-Albions-datter\" target=\"_blank\" rel=\"noopener noreferrer\"><strong>Albions datter<\/strong><\/a>: Ilke Tampke<\/p>\n<p>&nbsp;<\/p>\n<p><strong>2015:<\/strong><\/p>\n<p><a href=\"https:\/\/mofibo.com\/dk\/da\/books\/42350-Belle-de-Jour---En-callgirls-intime-bekendelser\" target=\"_blank\" rel=\"noopener noreferrer\"><strong>En callgirls intime bekendelser<\/strong><\/a>: Belle de Jour<\/p>\n<p><a href=\"https:\/\/mofibo.com\/dk\/da\/books\/39412-Isla-og-jagten-p\u00e5-lykke\" target=\"_blank\" rel=\"noopener noreferrer\"><strong>Isla og jagten p\u00e5 lykke<\/strong><\/a>: Stephanie Perkins<\/p>\n<p><a href=\"https:\/\/mofibo.com\/dk\/da\/books\/35898-Lola-og-naboens-s\u00f8n\" target=\"_blank\" rel=\"noopener noreferrer\"><strong>Lola og naboens s\u00f8n<\/strong><\/a>: Stephanie Perkins<\/p>\n<p><a href=\"https:\/\/mofibo.com\/dk\/da\/books\/31331-Anna-og-det-franske-kys\" target=\"_blank\" rel=\"noopener noreferrer\"><strong>Anna og det franske kys<\/strong><\/a>: Stephanie Perkins<\/p>\n<p><a href=\"https:\/\/mofibo.com\/dk\/da\/books\/28813-Rigtige-veninder\" target=\"_blank\" rel=\"noopener noreferrer\"><strong>Rigtige veninder<\/strong><\/a>: Iben Maria Zeuthen[\/vc_column_text][\/vc_column][vc_column width=&#8221;1\/2&#8243;][vc_row_inner row_type=&#8221;row&#8221; type=&#8221;full_width&#8221; use_row_as_full_screen_section_slide=&#8221;no&#8221; text_align=&#8221;left&#8221; css_animation=&#8221;&#8221;][vc_column_inner][vc_empty_space height=&#8221;100&#8243;][vc_single_image image=&#8221;501&#8243; img_size=&#8221;full&#8221; style=&#8221;vc_box_rounded&#8221; qode_css_animation=&#8221;&#8221; el_class=&#8221;billedfloatright&#8221;][vc_column_text el_class=&#8221;tekstboksright&#8221; css=&#8221;.vc_custom_1558359477743{background-color: #e8582f !important;}&#8221;]<\/p>\n<p style=\"text-align: left;\"><em><span style=\"color: #ffffff;\">Lydbogen er indl\u00e6st af den sk\u00f8nne Sara Hamdrup, og her p\u00e5 LOVEBOOKS-redaktionen er vi meget begejstrede for den s\u00f8de opl\u00e6sning.<\/span><\/em><\/p>\n<p style=\"text-align: left;\"><span style=\"color: #ffffff;\">#s\u00f8dmusikivores\u00f8rer<\/span><\/p>\n<p>[\/vc_column_text][\/vc_column_inner][\/vc_row_inner][\/vc_column][\/vc_row][vc_row row_type=&#8221;row&#8221; use_row_as_full_screen_section=&#8221;no&#8221; type=&#8221;full_width&#8221; text_align=&#8221;left&#8221; background_animation=&#8221;none&#8221; padding_top=&#8221;100&#8243; padding_bottom=&#8221;100&#8243; css_animation=&#8221;&#8221; background_color=&#8221;#82983c&#8221; el_id=&#8221;speak&#8221;][vc_column width=&#8221;1\/2&#8243; el_class=&#8221;toptekst&#8221;][vc_empty_space height=&#8221;100&#8243;][vc_column_text]<\/p>\n<h1><span style=\"color: #ffffff;\">SPEAK<\/span><\/h1>\n<p>[\/vc_column_text][vc_column_text css=&#8221;.vc_custom_1558099985811{border-top-width: 0px !important;border-bottom-width: 0px !important;padding-top: 20px !important;padding-bottom: 20px !important;}&#8221;]<span style=\"color: #ffffff;\">Jeg laver reklamespeak og infospeak i forskellige genrer. Jeg kan lave den glade, entusiastiske kvinde. Den moderlige, omsorgsfulde stemme. Den alvorlige, monotone beretter. Og den behagelige, tillidsfulde fort\u00e6ller. Jeg laver ogs\u00e5 voiceover til film og tv.<\/span><\/p>\n<p>&nbsp;<\/p>\n<p><span style=\"color: #ffffff;\">Kontakt mig endelig, hvis du t\u00e6nker, I lige mangler mig.<\/span>[\/vc_column_text][vc_empty_space]<div class='image_hover ' style='' data-transition-delay=''><div class='images_holder'><a href='mailto:sarahamdrup@gmail.com' target='_self'><img class='active_image ' src='https:\/\/sincere-onyx-jaguar.142-132-203-237.cpanel.site\/staging\/wp-content\/uploads\/2019\/05\/sara_hamdrup_kontakt_sara2.png' alt='' style='' \/><img class='hover_image' src='https:\/\/sincere-onyx-jaguar.142-132-203-237.cpanel.site\/staging\/wp-content\/uploads\/2019\/05\/sara_hamdrup_kontakt_sara-1.png' alt='' style='' \/><\/a><\/div><\/div>[\/vc_column][vc_column width=&#8221;1\/2&#8243;][vc_row_inner row_type=&#8221;row&#8221; type=&#8221;full_width&#8221; use_row_as_full_screen_section_slide=&#8221;no&#8221; text_align=&#8221;left&#8221; css_animation=&#8221;&#8221;][vc_column_inner][vc_single_image image=&#8221;503&#8243; img_size=&#8221;full&#8221; style=&#8221;vc_box_rounded&#8221; qode_css_animation=&#8221;&#8221; el_class=&#8221;billedfloatright&#8221;][vc_column_text el_class=&#8221;tekstboksright&#8221; css=&#8221;.vc_custom_1558192461927{background-color: #ffffff !important;}&#8221;]<\/p>\n<h3 style=\"text-align: center;\"><span style=\"color: #e8582f;\">H\u00f8r nogle eksempler p\u00e5 speak:<\/span><\/h3>\n<p>Faktaspeak:<\/p>\n<audio class=\"wp-audio-shortcode\" id=\"audio-15-1\" preload=\"none\" style=\"width: 100%;\" controls=\"controls\"><source type=\"audio\/mpeg\" src=\"https:\/\/sincere-onyx-jaguar.142-132-203-237.cpanel.site\/staging\/wp-content\/uploads\/2019\/05\/Sara-Hamdrup-Faktaspeak.mp3?_=1\" \/><a href=\"https:\/\/sincere-onyx-jaguar.142-132-203-237.cpanel.site\/staging\/wp-content\/uploads\/2019\/05\/Sara-Hamdrup-Faktaspeak.mp3\">https:\/\/sincere-onyx-jaguar.142-132-203-237.cpanel.site\/staging\/wp-content\/uploads\/2019\/05\/Sara-Hamdrup-Faktaspeak.mp3<\/a><\/audio>\n<p>Reklamespeak:<\/p>\n<audio class=\"wp-audio-shortcode\" id=\"audio-15-2\" preload=\"none\" style=\"width: 100%;\" controls=\"controls\"><source type=\"audio\/mpeg\" src=\"https:\/\/sincere-onyx-jaguar.142-132-203-237.cpanel.site\/staging\/wp-content\/uploads\/2019\/05\/Sara-Hamdrup-Reklamespeak.mp3?_=2\" \/><a href=\"https:\/\/sincere-onyx-jaguar.142-132-203-237.cpanel.site\/staging\/wp-content\/uploads\/2019\/05\/Sara-Hamdrup-Reklamespeak.mp3\">https:\/\/sincere-onyx-jaguar.142-132-203-237.cpanel.site\/staging\/wp-content\/uploads\/2019\/05\/Sara-Hamdrup-Reklamespeak.mp3<\/a><\/audio>\n<p>[\/vc_column_text][\/vc_column_inner][\/vc_row_inner][\/vc_column][\/vc_row][vc_row row_type=&#8221;row&#8221; use_row_as_full_screen_section=&#8221;no&#8221; type=&#8221;grid&#8221; text_align=&#8221;left&#8221; background_animation=&#8221;none&#8221; padding_top=&#8221;100&#8243; padding_bottom=&#8221;100&#8243; css_animation=&#8221;&#8221;][vc_column]<div class=\"qode-simple-blog-list qode-sbl-3-columns\">\r\n\t\t\t<div class=\"qode-sbl-posts-holder clearfix\">\r\n\t\t\t<div class=\"qode-sbl-posts\">\r\n\t\t\t\t\t\t\t\t\t<div class=\"qode-sbl-post\">\r\n\t\t\t\t\t\t<div class=\"qode-sbl-post-text\">\r\n\t\t\t\t\t\t\t<h6 class=\"qode-sbl-category\"><a href=\"https:\/\/sincere-onyx-jaguar.142-132-203-237.cpanel.site\/staging\/category\/finurligt\/\" rel=\"category tag\">Finurligt<\/a>, <a href=\"https:\/\/sincere-onyx-jaguar.142-132-203-237.cpanel.site\/staging\/category\/selvstaendig\/\" rel=\"category tag\">Selvst\u00e6ndig<\/a>, <a href=\"https:\/\/sincere-onyx-jaguar.142-132-203-237.cpanel.site\/staging\/category\/speak\/\" rel=\"category tag\">Speak<\/a><\/h6>\r\n\t\t\t\t\t\t\t<h2 class=\"qode-sbl-post-title entry_title\" itemprop=\"name\">\r\n\t\t\t\t\t\t\t\t<a href=\"https:\/\/sincere-onyx-jaguar.142-132-203-237.cpanel.site\/staging\/lydbogsfan-jeg-har-hoert-den-over-fem-gange\/\" itemprop=\"url\">Lydbogsfan: Jeg har h\u00f8rt den over fem gange<\/a>\r\n\t\t\t\t\t\t\t<\/h2>\r\n\t\t\t\t\t\t\t\t\t\t\t\t\t\t<p itemprop=\"description\" class=\"qode-sbl-post-excerpt\">Jeg har alle H. C. Andersens eventyr samlet i 16 sm\u00e5 minib\u00f8ger, som jeg \u00f8nskede mig som barn. De har fulgt mig i mange \u00e5r. Men de seneste \u00e5r har de s\u00e5dan set bare st\u00e5et inde i bogreolen, s\u00e5 jeg besluttede, at de skulle videre og satte dem til salg p\u00e5 Gul og Gratis. Efter et stykke tid skriver en ung pige til mig, og hun vil gerne k\u00f8be b\u00f8gerne. Vi skriver lidt frem og tilbage og skal lige finde ud af porto mm. S\u00e5 er det, hun pludselig skriver til mig: \"Jeg bem\u00e6rkede ogs\u00e5 lige dit ef...<\/p>\r\n\t\t\t\t\t\t\t<a href=\"https:\/\/sincere-onyx-jaguar.142-132-203-237.cpanel.site\/staging\/lydbogsfan-jeg-har-hoert-den-over-fem-gange\/\" target=\"_self\"  class=\"qbutton \" style=\"\">Read More<\/a>\t\t\t\t\t\t<\/div>\r\n\t\t\t\t\t<\/div>\r\n\t\t\t\t\t\t\t\t\t<div class=\"qode-sbl-post\">\r\n\t\t\t\t\t\t<div class=\"qode-sbl-post-text\">\r\n\t\t\t\t\t\t\t<h6 class=\"qode-sbl-category\"><a href=\"https:\/\/sincere-onyx-jaguar.142-132-203-237.cpanel.site\/staging\/category\/selvstaendig\/\" rel=\"category tag\">Selvst\u00e6ndig<\/a>, <a href=\"https:\/\/sincere-onyx-jaguar.142-132-203-237.cpanel.site\/staging\/category\/speak\/\" rel=\"category tag\">Speak<\/a><\/h6>\r\n\t\t\t\t\t\t\t<h2 class=\"qode-sbl-post-title entry_title\" itemprop=\"name\">\r\n\t\t\t\t\t\t\t\t<a href=\"https:\/\/sincere-onyx-jaguar.142-132-203-237.cpanel.site\/staging\/laeser-du-den-igennem-foerst\/\" itemprop=\"url\">L\u00e6ser du den igennem f\u00f8rst?<\/a>\r\n\t\t\t\t\t\t\t<\/h2>\r\n\t\t\t\t\t\t\t\t\t\t\t\t\t\t<p itemprop=\"description\" class=\"qode-sbl-post-excerpt\">Siden 2014 har jeg arbejdet professionelt som lydbogsindl\u00e6ser. Jeg bestod en stemmetest, som blev sendt ind til Egmont, og Egmont godkendte min stemme. I skrivende stund har jeg indl\u00e6st 34 lydb\u00f8ger. Du kan se de fleste af dem lige her. N\u00e5r jeg m\u00f8der nye mennesker,......<\/p>\r\n\t\t\t\t\t\t\t<a href=\"https:\/\/sincere-onyx-jaguar.142-132-203-237.cpanel.site\/staging\/laeser-du-den-igennem-foerst\/\" target=\"_self\"  class=\"qbutton \" style=\"\">Read More<\/a>\t\t\t\t\t\t<\/div>\r\n\t\t\t\t\t<\/div>\r\n\t\t\t\t\t\t\t<\/div>\r\n\t\t<\/div>\r\n\t<\/div>[\/vc_column][\/vc_row]<\/p>\n","protected":false},"excerpt":{"rendered":"<p>[vc_row row_type=&#8221;row&#8221; use_row_as_full_screen_section=&#8221;no&#8221; type=&#8221;full_width&#8221; text_align=&#8221;left&#8221; background_animation=&#8221;none&#8221; css_animation=&#8221;&#8221; css=&#8221;.vc_custom_1558182149715{border-bottom-width: 5px !important;border-bottom-color: #e8582f !important;border-bottom-style: solid !important;border-radius: 5px !important;}&#8221;][vc_column width=&#8221;1\/2&#8243; css=&#8221;.vc_custom_1558986460759{padding-left: 200px !important;background-color: #e8582f !important;}&#8221;][vc_empty_space height=&#8221;200&#8243;][vc_column_text] SPEAK\u00a0 [\/vc_column_text][vc_column_text css=&#8221;.vc_custom_1558358745739{border-top-width: 5px !important;border-bottom-width: 5px !important;padding-top: 20px !important;padding-bottom: 20px !important;border-top-color: #ffffff !important;border-top-style: solid !important;border-bottom-color: #ffffff !important;border-bottom-style: solid !important;border-radius: 5px !important;}&#8221;] Jeg&#8230;<\/p>\n","protected":false},"author":1,"featured_media":0,"parent":0,"menu_order":0,"comment_status":"closed","ping_status":"closed","template":"full_width.php","meta":{"_exactmetrics_skip_tracking":false,"_exactmetrics_sitenote_active":false,"_exactmetrics_sitenote_note":"","_exactmetrics_sitenote_category":0,"footnotes":""},"class_list":["post-15","page","type-page","status-publish","hentry"],"_links":{"self":[{"href":"https:\/\/sincere-onyx-jaguar.142-132-203-237.cpanel.site\/staging\/wp-json\/wp\/v2\/pages\/15","targetHints":{"allow":["GET"]}}],"collection":[{"href":"https:\/\/sincere-onyx-jaguar.142-132-203-237.cpanel.site\/staging\/wp-json\/wp\/v2\/pages"}],"about":[{"href":"https:\/\/sincere-onyx-jaguar.142-132-203-237.cpanel.site\/staging\/wp-json\/wp\/v2\/types\/page"}],"author":[{"embeddable":true,"href":"https:\/\/sincere-onyx-jaguar.142-132-203-237.cpanel.site\/staging\/wp-json\/wp\/v2\/users\/1"}],"replies":[{"embeddable":true,"href":"https:\/\/sincere-onyx-jaguar.142-132-203-237.cpanel.site\/staging\/wp-json\/wp\/v2\/comments?post=15"}],"version-history":[{"count":129,"href":"https:\/\/sincere-onyx-jaguar.142-132-203-237.cpanel.site\/staging\/wp-json\/wp\/v2\/pages\/15\/revisions"}],"predecessor-version":[{"id":1557,"href":"https:\/\/sincere-onyx-jaguar.142-132-203-237.cpanel.site\/staging\/wp-json\/wp\/v2\/pages\/15\/revisions\/1557"}],"wp:attachment":[{"href":"https:\/\/sincere-onyx-jaguar.142-132-203-237.cpanel.site\/staging\/wp-json\/wp\/v2\/media?parent=15"}],"curies":[{"name":"wp","href":"https:\/\/api.w.org\/{rel}","templated":true}]}}